{"id":7547,"date":"2020-11-05T08:55:59","date_gmt":"2020-11-05T08:55:59","guid":{"rendered":"https:\/\/the7.io\/elementor-creative-light\/?page_id=7547"},"modified":"2026-02-23T11:23:09","modified_gmt":"2026-02-23T09:23:09","slug":"contact","status":"publish","type":"page","link":"https:\/\/www.synergie.mc\/en\/contact\/","title":{"rendered":"Contact"},"content":{"rendered":"\t\t<div data-elementor-type=\"wp-page\" data-elementor-id=\"7547\" class=\"elementor elementor-7547\" data-elementor-post-type=\"page\">\n\t\t\t\t\t\t<section class=\"elementor-section elementor-top-section elementor-element elementor-element-73e2881 elementor-section-full_width elementor-reverse-tablet elementor-reverse-mobile elementor-section-height-default elementor-section-height-default\" data-id=\"73e2881\" data-element_type=\"section\" data-e-type=\"section\" data-settings=\"{&quot;background_background&quot;:&quot;gradient&quot;,&quot;tmea_shape_divider_top&quot;:&quot;none&quot;,&quot;tmea_shape_divider_bottom&quot;:&quot;none&quot;}\">\n\t\t\t\t\t\t\t<div class=\"elementor-background-overlay\"><\/div>\n\t\t\t\t\t\t\t<div class=\"elementor-container elementor-column-gap-no\">\n\t\t\t\t\t<div class=\"elementor-column elementor-col-100 elementor-top-column elementor-element elementor-element-c36b740\" data-id=\"c36b740\" data-element_type=\"column\" data-e-type=\"column\">\n\t\t\t<div class=\"elementor-widget-wrap elementor-element-populated\">\n\t\t\t\t\t\t<section class=\"elementor-section elementor-inner-section elementor-element elementor-element-115fdf4 elementor-section-boxed elementor-section-height-default elementor-section-height-default\" data-id=\"115fdf4\" data-element_type=\"section\" data-e-type=\"section\" data-settings=\"{&quot;tmea_shape_divider_top&quot;:&quot;none&quot;,&quot;tmea_shape_divider_bottom&quot;:&quot;none&quot;}\">\n\t\t\t\t\t\t<div class=\"elementor-container elementor-column-gap-wider\">\n\t\t\t\t\t<div class=\"elementor-column elementor-col-100 elementor-inner-column elementor-element elementor-element-655db76\" data-id=\"655db76\" data-element_type=\"column\" data-e-type=\"column\">\n\t\t\t<div class=\"elementor-widget-wrap elementor-element-populated\">\n\t\t\t\t\t\t<div class=\"elementor-element elementor-element-b653278 elementor-widget elementor-widget-spacer\" data-id=\"b653278\" data-element_type=\"widget\" data-e-type=\"widget\" data-widget_type=\"spacer.default\">\n\t\t\t\t<div class=\"elementor-widget-container\">\n\t\t\t\t\t\t\t<div class=\"elementor-spacer\">\n\t\t\t<div class=\"elementor-spacer-inner\"><\/div>\n\t\t<\/div>\n\t\t\t\t\t\t<\/div>\n\t\t\t\t<\/div>\n\t\t\t\t<div class=\"elementor-element elementor-element-5a504d1 elementor-widget elementor-widget-spacer\" data-id=\"5a504d1\" data-element_type=\"widget\" data-e-type=\"widget\" data-widget_type=\"spacer.default\">\n\t\t\t\t<div class=\"elementor-widget-container\">\n\t\t\t\t\t\t\t<div class=\"elementor-spacer\">\n\t\t\t<div class=\"elementor-spacer-inner\"><\/div>\n\t\t<\/div>\n\t\t\t\t\t\t<\/div>\n\t\t\t\t<\/div>\n\t\t\n\t\t<div class=\"elementor-element elementor-element-acd3f48 elementor-widget__width-initial elementor-invisible elementor-widget elementor-widget-the7-heading\" data-id=\"acd3f48\" data-element_type=\"widget\" data-e-type=\"widget\" data-settings=\"{&quot;_animation&quot;:&quot;fadeIn&quot;}\" data-widget_type=\"the7-heading.default\">\n\t\t\t\t<div class=\"elementor-widget-container\">\n\t\t\t\t\t<h1 class=\"the7-heading-title elementor-size-default\">Entrez en contact avec Notre \u00c9quipe !<\/h1>\t\t\t\t<\/div>\n\t\t\t\t<\/div>\n\t\t\t\t<div class=\"elementor-element elementor-element-d21ade4 elementor-widget elementor-widget-spacer\" data-id=\"d21ade4\" data-element_type=\"widget\" data-e-type=\"widget\" data-widget_type=\"spacer.default\">\n\t\t\t\t<div class=\"elementor-widget-container\">\n\t\t\t\t\t\t\t<div class=\"elementor-spacer\">\n\t\t\t<div class=\"elementor-spacer-inner\"><\/div>\n\t\t<\/div>\n\t\t\t\t\t\t<\/div>\n\t\t\t\t<\/div>\n\t\t\t\t\t<\/div>\n\t\t<\/div>\n\t\t\t\t\t<\/div>\n\t\t<\/section>\n\t\t\t\t<div class=\"elementor-element elementor-element-661a2b5 elementor-widget__width-initial elementor-absolute elementor-hidden-tablet elementor-hidden-mobile preserve-img-ratio-contain the7-hover-visibility-disabled transform-overlay-yes exceeding-frame-yes elementor-invisible elementor-widget elementor-widget-the7-image-widget\" data-id=\"661a2b5\" data-element_type=\"widget\" data-e-type=\"widget\" data-settings=\"{&quot;_position&quot;:&quot;absolute&quot;,&quot;_animation&quot;:&quot;fadeInRight&quot;,&quot;hover_visibility&quot;:&quot;disabled&quot;}\" data-widget_type=\"the7-image-widget.default\">\n\t\t\t\t<div class=\"elementor-widget-container\">\n\t\t\t\t\t<div class=\"the7-image-container\"><div class=\"the7-image-wrapper the7-elementor-widget the7-transform-container\"><div class=\"post-thumbnail-rollover layzr-bg img-css-resize-wrapper\"><img fetchpriority=\"high\" decoding=\"async\" width=\"1620\" height=\"1080\" src=\"data:image\/svg+xml,%3Csvg%20xmlns%3D&#039;http%3A%2F%2Fwww.w3.org%2F2000%2Fsvg&#039;%20viewBox%3D&#039;0%200%201620%201080&#039;%2F%3E\" class=\"attachment-full size-full preload-me aspect lazy lazy-load\" alt=\"\" sizes=\"(max-width: 1620px) 100vw, 1620px\" style=\"--ratio: 1620 \/ 1080;\" data-src=\"https:\/\/www.synergie.mc\/wp-content\/uploads\/2023\/07\/Synergie-1080p-285.jpg\" loading=\"eager\" data-srcset=\"https:\/\/www.synergie.mc\/wp-content\/uploads\/2023\/07\/Synergie-1080p-285.jpg 1620w, https:\/\/www.synergie.mc\/wp-content\/uploads\/2023\/07\/Synergie-1080p-285-600x400.jpg 600w, https:\/\/www.synergie.mc\/wp-content\/uploads\/2023\/07\/Synergie-1080p-285-300x200.jpg 300w, https:\/\/www.synergie.mc\/wp-content\/uploads\/2023\/07\/Synergie-1080p-285-1024x683.jpg 1024w, https:\/\/www.synergie.mc\/wp-content\/uploads\/2023\/07\/Synergie-1080p-285-768x512.jpg 768w, https:\/\/www.synergie.mc\/wp-content\/uploads\/2023\/07\/Synergie-1080p-285-1536x1024.jpg 1536w\" \/><\/div><\/div><\/div>\t\t\t\t<\/div>\n\t\t\t\t<\/div>\n\t\t\t\t\t<\/div>\n\t\t<\/div>\n\t\t\t\t\t<\/div>\n\t\t<\/section>\n\t\t\t\t<section class=\"elementor-section elementor-top-section elementor-element elementor-element-d7bd398 elementor-section-boxed elementor-section-height-default elementor-section-height-default\" data-id=\"d7bd398\" data-element_type=\"section\" data-e-type=\"section\" data-settings=\"{&quot;background_background&quot;:&quot;classic&quot;,&quot;tmea_shape_divider_top&quot;:&quot;none&quot;,&quot;tmea_shape_divider_bottom&quot;:&quot;none&quot;}\">\n\t\t\t\t\t\t<div class=\"elementor-container elementor-column-gap-wide\">\n\t\t\t\t\t<div class=\"elementor-column elementor-col-50 elementor-top-column elementor-element elementor-element-b492077\" data-id=\"b492077\" data-element_type=\"column\" data-e-type=\"column\">\n\t\t\t<div class=\"elementor-widget-wrap elementor-element-populated\">\n\t\t\t\t\t\t<div class=\"elementor-element elementor-element-72a0202 content-align-tablet-left icon-vertical-align-tablet-start icon-position-top content-align-mobile-center icon-position-mobile-top icon-vertical-align-mobile-center content-align-left icon-box-vertical-align-top icon-vertical-align-start elementor-widget elementor-widget-the7_icon_box_grid_widget\" data-id=\"72a0202\" data-element_type=\"widget\" data-e-type=\"widget\" data-widget_type=\"the7_icon_box_grid_widget.default\">\n\t\t\t\t<div class=\"elementor-widget-container\">\n\t\t\t\t\t<div class=\"the7-box-grid-wrapper the7-elementor-widget loading-effect-none the7_icon_box_grid_widget-72a0202\">\t\t\t<div class=\"dt-css-grid\">\n\t\t\t\t\t\t\t\t\t<div class=\"wf-cell shown\">\n\t\t\t\t\t\t<div class=\"the7-icon-box-grid\">\t\t\t\t\t\t\t<div class=\"box-content-wrapper\">\n\t\t\t\t\t\t\t\t\t\t\t\t\t\t\t\t\t<a class=\"elementor-icon-div\" href=\"https:\/\/maps.app.goo.gl\/iPfgMiGLsKkrwtiu5\" aria-label=\"Adresse :\">\t\t\t\t\t\t\t\t\t\t<div class=\"elementor-icon\">\n\t\t\t\t\t\t\t\t\t\t\t<svg xmlns=\"http:\/\/www.w3.org\/2000\/svg\" viewBox=\"0 0 24 24\" width=\"24\" height=\"24\"><path fill=\"none\" d=\"M0 0h24v24H0z\"><\/path><path d=\"M12 18.485l4.243-4.242a6 6 0 1 0-8.486 0L12 18.485zm5.657-2.828L12 21.314l-5.657-5.657a8 8 0 1 1 11.314 0zM5 22h14v2H5v-2z\"><\/path><\/svg>\t\t\t\t\t\t\t\t\t\t<\/div>\n\t\t\t\t\t\t\t\t\t<\/a>\t\t\t\t\t\t\t\t\t\t\t\t\t\t\t\t<div class=\"box-content\">\n\t\t\t\t\t\t\t\t\t\t\t\t\t\t\t\t\t\t\t\t\t\t\t\t\t\t\t\t\t<h4 class=\"box-heading\">\n\t\t\t\t\t\t\t\t\t\t\t<a href=\"https:\/\/maps.app.goo.gl\/iPfgMiGLsKkrwtiu5\" aria-label=\"Adresse :\">\t\t\t\t\t\t\t\t\t\t\t\tAdresse :\t\t\t\t\t\t\t\t\t\t\t<\/a>\t\t\t\t\t\t\t\t\t\t<\/h4>\n\t\t\t\t\t\t\t\t\t\t\t\t\t\t\t\t\t\t\t\t\t\t\t\t\t\t\t\t<div class=\"box-description\">5 Bis Rue de l'Industrie, 8\u00e8me \u00e9tage,<\/br>\nLes Industries<\/br>\nMONACO 98000<\/div>\n\t\t\t\t\t\t\t\t\t\t\t\t\t\t\t\t\t\t\t\t\t\t\t\t\t\t<\/div>\n\t\t\t\t\t\t\t<\/div>\n\t\t\t\t\t\t<\/div>\t\t\t\t\t<\/div>\n\t\t\t\t\t\t\t\t\t<div class=\"wf-cell shown\">\n\t\t\t\t\t\t<div class=\"the7-icon-box-grid\">\t\t\t\t\t\t\t<div class=\"box-content-wrapper\">\n\t\t\t\t\t\t\t\t\t\t\t\t\t\t\t\t\t<a class=\"elementor-icon-div\" aria-label=\"T\u00e9l\u00e9phone :\">\t\t\t\t\t\t\t\t\t\t<div class=\"elementor-icon\">\n\t\t\t\t\t\t\t\t\t\t\t<i aria-hidden=\"true\" class=\"fas fa-phone-alt\"><\/i>\t\t\t\t\t\t\t\t\t\t<\/div>\n\t\t\t\t\t\t\t\t\t<\/a>\t\t\t\t\t\t\t\t\t\t\t\t\t\t\t\t<div class=\"box-content\">\n\t\t\t\t\t\t\t\t\t\t\t\t\t\t\t\t\t\t\t\t\t\t\t\t\t\t\t\t\t<h4 class=\"box-heading\">\n\t\t\t\t\t\t\t\t\t\t\t<a aria-label=\"T\u00e9l\u00e9phone :\">\t\t\t\t\t\t\t\t\t\t\t\tT\u00e9l\u00e9phone :\t\t\t\t\t\t\t\t\t\t\t<\/a>\t\t\t\t\t\t\t\t\t\t<\/h4>\n\t\t\t\t\t\t\t\t\t\t\t\t\t\t\t\t\t\t\t\t\t\t\t\t\t\t\t\t<div class=\"box-description\">+377 97 77 35 63<\/div>\n\t\t\t\t\t\t\t\t\t\t\t\t\t\t\t\t\t\t\t\t\t\t\t\t\t\t<\/div>\n\t\t\t\t\t\t\t<\/div>\n\t\t\t\t\t\t<\/div>\t\t\t\t\t<\/div>\n\t\t\t\t\t\t\t<\/div>\n\t\t<\/div>\t\t\t\t<\/div>\n\t\t\t\t<\/div>\n\t\t\t\t\t<\/div>\n\t\t<\/div>\n\t\t\t\t<div class=\"elementor-column elementor-col-50 elementor-top-column elementor-element elementor-element-fdd16eb\" data-id=\"fdd16eb\" data-element_type=\"column\" data-e-type=\"column\" data-settings=\"{&quot;background_background&quot;:&quot;classic&quot;}\">\n\t\t\t<div class=\"elementor-widget-wrap elementor-element-populated\">\n\t\t\t\t\t\t<div class=\"elementor-element elementor-element-87e9797 elementor-widget elementor-widget-heading\" data-id=\"87e9797\" data-element_type=\"widget\" data-e-type=\"widget\" data-widget_type=\"heading.default\">\n\t\t\t\t<div class=\"elementor-widget-container\">\n\t\t\t\t\t<h3 class=\"elementor-heading-title elementor-size-default\">Faire une demande en ligne<\/h3>\t\t\t\t<\/div>\n\t\t\t\t<\/div>\n\t\t\t\t<div class=\"elementor-element elementor-element-cd92cb6 elementor-widget elementor-widget-text-editor\" data-id=\"cd92cb6\" data-element_type=\"widget\" data-e-type=\"widget\" data-widget_type=\"text-editor.default\">\n\t\t\t\t<div class=\"elementor-widget-container\">\n\t\t\t\t\t\t\t\t\t<p>Vous avez des questions ? Des id\u00e9es ?\u00a0Remplissez le formulaire ci-dessous.<\/p>\t\t\t\t\t\t\t\t<\/div>\n\t\t\t\t<\/div>\n\t\t\t\t<div class=\"elementor-element elementor-element-887c63c elementor-widget elementor-widget-wpforms\" data-id=\"887c63c\" data-element_type=\"widget\" data-e-type=\"widget\" data-widget_type=\"wpforms.default\">\n\t\t\t\t<div class=\"elementor-widget-container\">\n\t\t\t\t\t<div class=\"wpforms-container wpforms-container-full wpforms-render-modern\" id=\"wpforms-96378\"><form id=\"wpforms-form-96378\" class=\"wpforms-validate wpforms-form wpforms-ajax-form\" data-formid=\"96378\" method=\"post\" enctype=\"multipart\/form-data\" action=\"\/en\/wp-json\/wp\/v2\/pages\/7547\" data-token=\"1da94615c98fae00775c8e5e18e88fb9\" data-token-time=\"1777417572\"><noscript class=\"wpforms-error-noscript\">Please enable JavaScript in your browser to complete this form.<\/noscript><div id=\"wpforms-error-noscript\" style=\"display: none;\">Please enable JavaScript in your browser to complete this form.<\/div><div class=\"wpforms-field-container\"><div id=\"wpforms-96378-field_1-container\" class=\"wpforms-field wpforms-field-name\" data-field-id=\"1\"><label class=\"wpforms-field-label\" for=\"wpforms-96378-field_1\">Nom <span class=\"wpforms-required-label\" aria-hidden=\"true\">*<\/span><\/label><input type=\"text\" id=\"wpforms-96378-field_1\" class=\"wpforms-field-large wpforms-field-required\" name=\"wpforms[fields][1]\" aria-errormessage=\"wpforms-96378-field_1-error\" required><\/div><div id=\"wpforms-96378-field_2-container\" class=\"wpforms-field wpforms-field-email\" data-field-id=\"2\"><label class=\"wpforms-field-label\" for=\"wpforms-96378-field_2\">E-mail <span class=\"wpforms-required-label\" aria-hidden=\"true\">*<\/span><\/label><input type=\"email\" id=\"wpforms-96378-field_2\" class=\"wpforms-field-large wpforms-field-required\" name=\"wpforms[fields][2]\" spellcheck=\"false\" aria-errormessage=\"wpforms-96378-field_2-error\" required><\/div><div id=\"wpforms-96378-field_5-container\" class=\"wpforms-field wpforms-field-text\" data-field-id=\"5\"><label class=\"wpforms-field-label\" for=\"wpforms-96378-field_5\">T\u00e9l\u00e9phone <span class=\"wpforms-required-label\" aria-hidden=\"true\">*<\/span><\/label><input type=\"text\" id=\"wpforms-96378-field_5\" class=\"wpforms-field-large wpforms-field-required\" name=\"wpforms[fields][5]\" aria-errormessage=\"wpforms-96378-field_5-error\" required><\/div><div id=\"wpforms-96378-field_4-container\" class=\"wpforms-field wpforms-field-select wpforms-field-select-style-classic\" data-field-id=\"4\"><label class=\"wpforms-field-label\" for=\"wpforms-96378-field_4\">Vous \u00eates <span class=\"wpforms-required-label\" aria-hidden=\"true\">*<\/span><\/label><select id=\"wpforms-96378-field_4\" class=\"wpforms-field-large wpforms-field-required\" name=\"wpforms[fields][4]\" required=\"required\"><option value=\"\" class=\"placeholder\" disabled  selected='selected'>--- S\u00e9lectionner un choix ---<\/option><option value=\"Entreprise\"  class=\"choice-1 depth-1\"  >Entreprise<\/option><option value=\"Candidat\"  class=\"choice-2 depth-1\"  >Candidat<\/option><\/select><\/div>\t\t<div id=\"wpforms-96378-field_6-container\"\n\t\t\tclass=\"wpforms-field wpforms-field-text\"\n\t\t\tdata-field-type=\"text\"\n\t\t\tdata-field-id=\"6\"\n\t\t\t>\n\t\t\t<label class=\"wpforms-field-label\" for=\"wpforms-96378-field_6\" >T\u00e9l\u00e9phone Vous Nom<\/label>\n\t\t\t<input type=\"text\" id=\"wpforms-96378-field_6\" class=\"wpforms-field-medium\" name=\"wpforms[fields][6]\" >\n\t\t<\/div>\n\t\t<div id=\"wpforms-96378-field_3-container\" class=\"wpforms-field wpforms-field-textarea\" data-field-id=\"3\"><label class=\"wpforms-field-label\" for=\"wpforms-96378-field_3\">Commentaires <span class=\"wpforms-required-label\" aria-hidden=\"true\">*<\/span><\/label><textarea id=\"wpforms-96378-field_3\" class=\"wpforms-field-medium wpforms-field-required\" name=\"wpforms[fields][3]\" aria-errormessage=\"wpforms-96378-field_3-error\" required><\/textarea><\/div><script>\n\t\t\t\t( function() {\n\t\t\t\t\tconst style = document.createElement( 'style' );\n\t\t\t\t\tstyle.appendChild( document.createTextNode( '#wpforms-96378-field_6-container { position: absolute !important; overflow: hidden !important; display: inline !important; height: 1px !important; width: 1px !important; z-index: -1000 !important; padding: 0 !important; } #wpforms-96378-field_6-container input { visibility: hidden; } #wpforms-conversational-form-page #wpforms-96378-field_6-container label { counter-increment: none; }' ) );\n\t\t\t\t\tdocument.head.appendChild( style );\n\t\t\t\t\tdocument.currentScript?.remove();\n\t\t\t\t} )();\n\t\t\t<\/script><\/div><!-- .wpforms-field-container --><div class=\"wpforms-submit-container\" ><input type=\"hidden\" name=\"wpforms[id]\" value=\"96378\"><input type=\"hidden\" name=\"page_title\" value=\"\"><input type=\"hidden\" name=\"page_url\" value=\"https:\/\/www.synergie.mc\/en\/wp-json\/wp\/v2\/pages\/7547\"><input type=\"hidden\" name=\"url_referer\" value=\"\"><button type=\"submit\" name=\"wpforms[submit]\" id=\"wpforms-submit-96378\" class=\"wpforms-submit\" data-alt-text=\"Envoi...\" data-submit-text=\"Envoyer\" aria-live=\"assertive\" value=\"wpforms-submit\">Envoyer<\/button><img decoding=\"async\" src=\"https:\/\/www.synergie.mc\/wp-content\/plugins\/wpforms-lite\/assets\/images\/submit-spin.svg\" class=\"wpforms-submit-spinner\" style=\"display: none;\" width=\"26\" height=\"26\" alt=\"Loading\"><\/div><\/form><\/div>  <!-- .wpforms-container -->\t\t\t\t<\/div>\n\t\t\t\t<\/div>\n\t\t\t\t\t<\/div>\n\t\t<\/div>\n\t\t\t\t\t<\/div>\n\t\t<\/section>\n\t\t\t\t<\/div>\n\t\t<p><\/p>","protected":false},"excerpt":{"rendered":"<p>Entrez en contact avec Notre \u00c9quipe ! Adresse : 5 Bis Rue de l&rsquo;Industrie, 8\u00e8me \u00e9tage, Les Industries MONACO 98000 T\u00e9l\u00e9phone : +377 97 77 35 63 Faire une demande en ligne Vous avez des questions ? Des id\u00e9es ?\u00a0Remplissez le formulaire ci-dessous. Veuillez activer JavaScript dans votre navigateur pour remplir ce formulaire.Veuillez activer JavaScript&hellip;<\/p>","protected":false},"author":2,"featured_media":0,"parent":0,"menu_order":60,"comment_status":"closed","ping_status":"closed","template":"elementor_header_footer","meta":{"footnotes":""},"class_list":["post-7547","page","type-page","status-publish","hentry"],"yoast_head":"<!-- This site is optimized with the Yoast SEO plugin v27.5 - https:\/\/yoast.com\/product\/yoast-seo-wordpress\/ -->\n<title>Contact - Synergie Technologies<\/title>\n<meta name=\"description\" content=\"5 Bis Rue de l&#039;Industrie, 8\u00e8me \u00e9tage, Les Industries MONACO 98000. T\u00e9l\u00e9phone : +377 97 77 35 63. Faire une demande en ligne. Vous avez des questions ?\" \/>\n<meta name=\"robots\" content=\"index, follow, max-snippet:-1, max-image-preview:large, max-video-preview:-1\" \/>\n<link rel=\"canonical\" href=\"https:\/\/www.synergie.mc\/en\/contact\/\" \/>\n<meta property=\"og:locale\" content=\"en_GB\" \/>\n<meta property=\"og:type\" content=\"article\" \/>\n<meta property=\"og:title\" content=\"Contact - Synergie Technologies\" \/>\n<meta property=\"og:description\" content=\"5 Bis Rue de l&#039;Industrie, 8\u00e8me \u00e9tage, Les Industries MONACO 98000. T\u00e9l\u00e9phone : +377 97 77 35 63. Faire une demande en ligne. Vous avez des questions ?\" \/>\n<meta property=\"og:url\" content=\"https:\/\/www.synergie.mc\/en\/contact\/\" \/>\n<meta property=\"og:site_name\" content=\"Synergie\" \/>\n<meta property=\"article:modified_time\" content=\"2026-02-23T09:23:09+00:00\" \/>\n<meta property=\"og:image\" content=\"https:\/\/www.synergie.mc\/wp-content\/plugins\/wpforms-lite\/assets\/images\/submit-spin.svg\" \/>\n<meta name=\"twitter:card\" content=\"summary_large_image\" \/>\n<meta name=\"twitter:label1\" content=\"Estimated reading time\" \/>\n\t<meta name=\"twitter:data1\" content=\"1 minute\" \/>\n<script type=\"application\/ld+json\" class=\"yoast-schema-graph\">{\"@context\":\"https:\\\/\\\/schema.org\",\"@graph\":[{\"@type\":\"WebPage\",\"@id\":\"https:\\\/\\\/www.synergie.mc\\\/contact\\\/\",\"url\":\"https:\\\/\\\/www.synergie.mc\\\/contact\\\/\",\"name\":\"Contact - Synergie Technologies\",\"isPartOf\":{\"@id\":\"https:\\\/\\\/www.synergie.mc\\\/#website\"},\"primaryImageOfPage\":{\"@id\":\"https:\\\/\\\/www.synergie.mc\\\/contact\\\/#primaryimage\"},\"image\":{\"@id\":\"https:\\\/\\\/www.synergie.mc\\\/contact\\\/#primaryimage\"},\"thumbnailUrl\":\"https:\\\/\\\/www.synergie.mc\\\/wp-content\\\/plugins\\\/wpforms-lite\\\/assets\\\/images\\\/submit-spin.svg\",\"datePublished\":\"2020-11-05T08:55:59+00:00\",\"dateModified\":\"2026-02-23T09:23:09+00:00\",\"description\":\"5 Bis Rue de l'Industrie, 8\u00e8me \u00e9tage, Les Industries MONACO 98000. T\u00e9l\u00e9phone : +377 97 77 35 63. Faire une demande en ligne. Vous avez des questions ?\",\"breadcrumb\":{\"@id\":\"https:\\\/\\\/www.synergie.mc\\\/contact\\\/#breadcrumb\"},\"inLanguage\":\"en-GB\",\"potentialAction\":[{\"@type\":\"ReadAction\",\"target\":[\"https:\\\/\\\/www.synergie.mc\\\/contact\\\/\"]}]},{\"@type\":\"ImageObject\",\"inLanguage\":\"en-GB\",\"@id\":\"https:\\\/\\\/www.synergie.mc\\\/contact\\\/#primaryimage\",\"url\":\"https:\\\/\\\/www.synergie.mc\\\/wp-content\\\/plugins\\\/wpforms-lite\\\/assets\\\/images\\\/submit-spin.svg\",\"contentUrl\":\"https:\\\/\\\/www.synergie.mc\\\/wp-content\\\/plugins\\\/wpforms-lite\\\/assets\\\/images\\\/submit-spin.svg\"},{\"@type\":\"BreadcrumbList\",\"@id\":\"https:\\\/\\\/www.synergie.mc\\\/contact\\\/#breadcrumb\",\"itemListElement\":[{\"@type\":\"ListItem\",\"position\":1,\"name\":\"Accueil\",\"item\":\"https:\\\/\\\/www.synergie.mc\\\/\"},{\"@type\":\"ListItem\",\"position\":2,\"name\":\"Contact\"}]},{\"@type\":\"WebSite\",\"@id\":\"https:\\\/\\\/www.synergie.mc\\\/#website\",\"url\":\"https:\\\/\\\/www.synergie.mc\\\/\",\"name\":\"Synergie\",\"description\":\"Synergie\",\"publisher\":{\"@id\":\"https:\\\/\\\/www.synergie.mc\\\/#organization\"},\"potentialAction\":[{\"@type\":\"SearchAction\",\"target\":{\"@type\":\"EntryPoint\",\"urlTemplate\":\"https:\\\/\\\/www.synergie.mc\\\/?s={search_term_string}\"},\"query-input\":{\"@type\":\"PropertyValueSpecification\",\"valueRequired\":true,\"valueName\":\"search_term_string\"}}],\"inLanguage\":\"en-GB\"},{\"@type\":\"Organization\",\"@id\":\"https:\\\/\\\/www.synergie.mc\\\/#organization\",\"name\":\"Synergie\",\"url\":\"https:\\\/\\\/www.synergie.mc\\\/\",\"logo\":{\"@type\":\"ImageObject\",\"inLanguage\":\"en-GB\",\"@id\":\"https:\\\/\\\/www.synergie.mc\\\/#\\\/schema\\\/logo\\\/image\\\/\",\"url\":\"https:\\\/\\\/www.synergie.mc\\\/wp-content\\\/uploads\\\/2023\\\/06\\\/SYNERGIE-DRAFT-6.png\",\"contentUrl\":\"https:\\\/\\\/www.synergie.mc\\\/wp-content\\\/uploads\\\/2023\\\/06\\\/SYNERGIE-DRAFT-6.png\",\"width\":1832,\"height\":492,\"caption\":\"Synergie\"},\"image\":{\"@id\":\"https:\\\/\\\/www.synergie.mc\\\/#\\\/schema\\\/logo\\\/image\\\/\"},\"sameAs\":[\"https:\\\/\\\/www.linkedin.com\\\/company\\\/synergie-technologies\\\/\"]}]}<\/script>\n<!-- \/ Yoast SEO plugin. -->","yoast_head_json":{"title":"Contact - Synergie Technologies","description":"5 Bis Rue de l&#039;Industrie, 8th floor, Les Industries MONACO 98000. Telephone: +377 97 77 35 63. Apply online. Do you have any questions?","robots":{"index":"index","follow":"follow","max-snippet":"max-snippet:-1","max-image-preview":"max-image-preview:large","max-video-preview":"max-video-preview:-1"},"canonical":"https:\/\/www.synergie.mc\/en\/contact\/","og_locale":"en_GB","og_type":"article","og_title":"Contact - Synergie Technologies","og_description":"5 Bis Rue de l'Industrie, 8\u00e8me \u00e9tage, Les Industries MONACO 98000. T\u00e9l\u00e9phone : +377 97 77 35 63. Faire une demande en ligne. Vous avez des questions ?","og_url":"https:\/\/www.synergie.mc\/en\/contact\/","og_site_name":"Synergie","article_modified_time":"2026-02-23T09:23:09+00:00","og_image":[{"url":"https:\/\/www.synergie.mc\/wp-content\/plugins\/wpforms-lite\/assets\/images\/submit-spin.svg","type":"","width":"","height":""}],"twitter_card":"summary_large_image","twitter_misc":{"Estimated reading time":"1 minute"},"schema":{"@context":"https:\/\/schema.org","@graph":[{"@type":"WebPage","@id":"https:\/\/www.synergie.mc\/contact\/","url":"https:\/\/www.synergie.mc\/contact\/","name":"Contact - Synergie Technologies","isPartOf":{"@id":"https:\/\/www.synergie.mc\/#website"},"primaryImageOfPage":{"@id":"https:\/\/www.synergie.mc\/contact\/#primaryimage"},"image":{"@id":"https:\/\/www.synergie.mc\/contact\/#primaryimage"},"thumbnailUrl":"https:\/\/www.synergie.mc\/wp-content\/plugins\/wpforms-lite\/assets\/images\/submit-spin.svg","datePublished":"2020-11-05T08:55:59+00:00","dateModified":"2026-02-23T09:23:09+00:00","description":"5 Bis Rue de l&#039;Industrie, 8th floor, Les Industries MONACO 98000. Telephone: +377 97 77 35 63. Apply online. Do you have any questions?","breadcrumb":{"@id":"https:\/\/www.synergie.mc\/contact\/#breadcrumb"},"inLanguage":"en-GB","potentialAction":[{"@type":"ReadAction","target":["https:\/\/www.synergie.mc\/contact\/"]}]},{"@type":"ImageObject","inLanguage":"en-GB","@id":"https:\/\/www.synergie.mc\/contact\/#primaryimage","url":"https:\/\/www.synergie.mc\/wp-content\/plugins\/wpforms-lite\/assets\/images\/submit-spin.svg","contentUrl":"https:\/\/www.synergie.mc\/wp-content\/plugins\/wpforms-lite\/assets\/images\/submit-spin.svg"},{"@type":"BreadcrumbList","@id":"https:\/\/www.synergie.mc\/contact\/#breadcrumb","itemListElement":[{"@type":"ListItem","position":1,"name":"Accueil","item":"https:\/\/www.synergie.mc\/"},{"@type":"ListItem","position":2,"name":"Contact"}]},{"@type":"WebSite","@id":"https:\/\/www.synergie.mc\/#website","url":"https:\/\/www.synergie.mc\/","name":"Synergy","description":"Synergy","publisher":{"@id":"https:\/\/www.synergie.mc\/#organization"},"potentialAction":[{"@type":"SearchAction","target":{"@type":"EntryPoint","urlTemplate":"https:\/\/www.synergie.mc\/?s={search_term_string}"},"query-input":{"@type":"PropertyValueSpecification","valueRequired":true,"valueName":"search_term_string"}}],"inLanguage":"en-GB"},{"@type":"Organization","@id":"https:\/\/www.synergie.mc\/#organization","name":"Synergy","url":"https:\/\/www.synergie.mc\/","logo":{"@type":"ImageObject","inLanguage":"en-GB","@id":"https:\/\/www.synergie.mc\/#\/schema\/logo\/image\/","url":"https:\/\/www.synergie.mc\/wp-content\/uploads\/2023\/06\/SYNERGIE-DRAFT-6.png","contentUrl":"https:\/\/www.synergie.mc\/wp-content\/uploads\/2023\/06\/SYNERGIE-DRAFT-6.png","width":1832,"height":492,"caption":"Synergie"},"image":{"@id":"https:\/\/www.synergie.mc\/#\/schema\/logo\/image\/"},"sameAs":["https:\/\/www.linkedin.com\/company\/synergie-technologies\/"]}]}},"_links":{"self":[{"href":"https:\/\/www.synergie.mc\/en\/wp-json\/wp\/v2\/pages\/7547","targetHints":{"allow":["GET"]}}],"collection":[{"href":"https:\/\/www.synergie.mc\/en\/wp-json\/wp\/v2\/pages"}],"about":[{"href":"https:\/\/www.synergie.mc\/en\/wp-json\/wp\/v2\/types\/page"}],"author":[{"embeddable":true,"href":"https:\/\/www.synergie.mc\/en\/wp-json\/wp\/v2\/users\/2"}],"replies":[{"embeddable":true,"href":"https:\/\/www.synergie.mc\/en\/wp-json\/wp\/v2\/comments?post=7547"}],"version-history":[{"count":218,"href":"https:\/\/www.synergie.mc\/en\/wp-json\/wp\/v2\/pages\/7547\/revisions"}],"predecessor-version":[{"id":96389,"href":"https:\/\/www.synergie.mc\/en\/wp-json\/wp\/v2\/pages\/7547\/revisions\/96389"}],"wp:attachment":[{"href":"https:\/\/www.synergie.mc\/en\/wp-json\/wp\/v2\/media?parent=7547"}],"curies":[{"name":"wp","href":"https:\/\/api.w.org\/{rel}","templated":true}]}}